{"id":1688,"date":"2024-04-19T10:18:52","date_gmt":"2024-04-19T10:18:52","guid":{"rendered":"https:\/\/preprod.nanomade.com\/press-kit\/"},"modified":"2024-10-18T16:05:49","modified_gmt":"2024-10-18T16:05:49","slug":"kit-de-communication","status":"publish","type":"page","link":"https:\/\/www.nanomade.com\/fr\/kit-de-communication\/","title":{"rendered":"Kit de communication"},"content":{"rendered":"<div class=\"gb-container gb-container-ccb64289\">\n<div class=\"gb-container gb-container-15a18e14\">\n<p><div class=\"crumbs\"><a href=\"https:\/\/www.nanomade.com\/fr\/\">Accueil<\/a>&nbsp;>&nbsp;<span class=\"current\">Page<\/span><\/div><\/p>\n\n<\/div>\n\n<div class=\"gb-container gb-container-5ebae9ee\">\n\n<h1 class=\"gb-headline gb-headline-dbb55dda gb-headline-text\">Kit de presse<\/h1>\n\n\n\n<p class=\"gb-headline gb-headline-3ea24dc3 gb-headline-text\">Les sp\u00e9cialistes de la conception et de la fabrication de capteurs de d\u00e9formation ultra-sensibles<\/p>\n\n<\/div>\n<\/div>\n\n<div class=\"gb-container gb-container-f84e9afd\">\n<div class=\"gb-container gb-container-97c25915\">\n<div class=\"gb-grid-wrapper gb-grid-wrapper-182bb817\">\n<div class=\"gb-grid-column gb-grid-column-5d5b8289\"><div class=\"gb-container gb-container-5d5b8289\">\n\n<figure class=\"gb-block-image gb-block-image-c7993cc4\"><img loading=\"lazy\" decoding=\"async\" width=\"148\" height=\"48\" class=\"gb-image gb-image-c7993cc4\" src=\"https:\/\/www.nanomade.com\/wp-content\/uploads\/2024\/04\/fleches-bleues.png\" alt=\"\" title=\"fleches-bleues\"\/><\/figure>\n\n\n\n<h2 class=\"gb-headline gb-headline-93513aec gb-headline-text\">Qui est Nanomade ?<\/h2>\n\n\n\n<p>Nous avons d\u00e9velopp\u00e9 une technologie brevet\u00e9e bas\u00e9e sur une encre sensible \u00e0 la d\u00e9formation, qui transforme le substrat sur lequel elle est imprim\u00e9e en une surface sensible permettant des applications tactiles et de force, de d\u00e9formation et m\u00e9dicales. En offrant des solutions de d\u00e9tection innovantes pour divers secteurs, Nanomade se concentre sur l&rsquo;innovation continue, la pr\u00e9cision et la fiabilit\u00e9.<\/p>\n\n\n\n<p>Fond\u00e9e en 2019, Nanomade est bas\u00e9e \u00e0 Toulouse, France. Avec 15 professionnels d\u00e9vou\u00e9s (dont 3 docteurs), nous offrons une vaste expertise en ing\u00e9nierie logicielle, micro\u00e9lectronique et nanotechnologies. Nanomade a \u00e9t\u00e9 class\u00e9e 42e dans le classement Forbes des 100 start-ups les plus innovantes de France.<\/p>\n\n\n\n<p>Les capteurs de Nanomade sont hautement sensibles, fins, flexibles, transparents, personnalisables et fonctionnent sur tous les mat\u00e9riaux et formes. Ces capteurs de pointe offrent une large gamme d&rsquo;applications dans trois domaines cl\u00e9s : <\/p>\n\n\n\n<ul class=\"wp-block-list\">\n<li>Touch &amp; Force, permettant \u00e0 tout mat\u00e9riau ou forme 3D de devenir interactif (cuir, bois, m\u00e9tal, etc.)<\/li>\n\n\n\n<li>Surveillance de la sant\u00e9, d\u00e9tectant les micro-d\u00e9formations du corps pour collecter des donn\u00e9es physiologiques (battements cardiaques, respiration, posture, etc.)<\/li>\n\n\n\n<li>D\u00e9tection de la d\u00e9formation structurelle, identifiant les d\u00e9formations ou les impacts sur diverses structures comme le m\u00e9tal ou le bois.<\/li>\n<\/ul>\n\n<\/div><\/div>\n\n<div class=\"gb-grid-column gb-grid-column-83d5cb1a\"><div class=\"gb-container gb-container-83d5cb1a\">\n\n<figure class=\"gb-block-image gb-block-image-16e48bbe\"><img loading=\"lazy\" decoding=\"async\" width=\"600\" height=\"454\" class=\"gb-image gb-image-16e48bbe\" src=\"https:\/\/www.nanomade.com\/wp-content\/uploads\/2024\/04\/bureau-etude.jpg\" alt=\"\" title=\"bureau-etude\" srcset=\"https:\/\/www.nanomade.com\/wp-content\/uploads\/2024\/04\/bureau-etude.jpg 600w, https:\/\/www.nanomade.com\/wp-content\/uploads\/2024\/04\/bureau-etude-300x227.jpg 300w\" sizes=\"auto, (max-width: 600px) 100vw, 600px\" \/><\/figure>\n\n<\/div><\/div>\n<\/div>\n<\/div>\n<\/div>\n\n<div class=\"gb-container gb-container-a91ce337\">\n<div class=\"gb-container gb-container-611ce350\">\n\n<h2 class=\"gb-headline gb-headline-5bba24b9\"><span class=\"gb-icon\"><svg xmlns=\"http:\/\/www.w3.org\/2000\/svg\" fill=\"none\" viewBox=\"0 0 76 73\" height=\"73\" width=\"76\"> <g clip-path=\"url(#clip0_544_10384)\"> <path fill=\"url(#paint0_linear_544_10384)\" d=\"M73.5 46.5C74.88 46.5 76 47.62 76 49V58C76 66.01 69.51 72.5 61.5 72.5H14.5C6.49 72.5 0 66.01 0 58V49C0 47.62 1.12 46.5 2.5 46.5C3.88 46.5 5 47.62 5 49V58C5 63.25 9.25 67.5 14.5 67.5H61.5C66.75 67.5 71 63.25 71 58V49C71 47.62 72.12 46.5 73.5 46.5ZM38 0C39.33 0 40.41 1.03 40.49 2.34V2.5V43.75L51.28 33.68C52.25 32.78 53.73 32.79 54.69 33.68L54.82 33.81C55.72 34.78 55.71 36.26 54.82 37.22L54.69 37.35L39.71 51.34C39.71 51.34 39.62 51.42 39.57 51.46C39.56 51.47 39.54 51.48 39.53 51.49C39.5 51.51 39.47 51.54 39.44 51.56C39.42 51.58 39.4 51.59 39.38 51.6C39.36 51.61 39.34 51.63 39.31 51.64C39.29 51.65 39.27 51.67 39.25 51.68C39.22 51.7 39.18 51.72 39.15 51.74L39.11 51.76C39.11 51.76 39.05 51.79 39.02 51.8C39 51.8 38.98 51.82 38.96 51.83C38.93 51.84 38.9 51.85 38.88 51.86L38.81 51.89C38.81 51.89 38.77 51.9 38.74 51.91C38.71 51.91 38.68 51.93 38.65 51.94C38.57 51.96 38.48 51.98 38.4 51.99C38.38 51.99 38.36 51.99 38.34 51.99L38.17 52.01H38.01C37.88 52.01 37.76 52.01 37.63 51.98L37.51 51.96C36.74 52.12 35.92 51.91 35.3 51.34L20.3 37.34C19.29 36.4 19.24 34.82 20.18 33.81C21.12 32.8 22.7 32.75 23.71 33.69L35.5 44.7V2.5C35.5 1.12 36.62 0 38 0Z\"><\/path> <\/g> <defs> <linearGradient gradientUnits=\"userSpaceOnUse\" y2=\"36.2286\" x2=\"76.0459\" y1=\"36.2286\" x1=\"-0.045939\" id=\"paint0_linear_544_10384\"> <stop stop-color=\"#1E64FF\"><\/stop> <stop stop-color=\"#0094FF\" offset=\"1\"><\/stop> <\/linearGradient> <clipPath id=\"clip0_544_10384\"> <rect fill=\"white\" height=\"72.5\" width=\"76\"><\/rect> <\/clipPath> <\/defs> <\/svg><\/span><\/h2>\n\n\n\n<h2 class=\"gb-headline gb-headline-cf3bf3ee gb-headline-text\">Documentation officielle<\/h2>\n\n\n\n<p class=\"gb-headline gb-headline-61d2bda8 gb-headline-text\">T\u00e9l\u00e9chargez notre logo, nos photos et le mat\u00e9riel de communication officiel de Nanomade.<\/p>\n\n<\/div>\n\n<div class=\"gb-container gb-container-3fed58ca\">\n<div class=\"gb-grid-wrapper gb-grid-wrapper-a1eb4e20\">\n<div class=\"gb-grid-column gb-grid-column-f9953259\"><div class=\"gb-container gb-container-f9953259\">\n\n<figure class=\"gb-block-image gb-block-image-93c6c62c\"><img loading=\"lazy\" decoding=\"async\" width=\"2084\" height=\"2084\" class=\"gb-image gb-image-93c6c62c\" src=\"https:\/\/www.nanomade.com\/wp-content\/uploads\/2024\/06\/Press-Kit-Logos-1.png\" alt=\"\" title=\"Press-Kit-Logos-1\" srcset=\"https:\/\/www.nanomade.com\/wp-content\/uploads\/2024\/06\/Press-Kit-Logos-1.png 2084w, https:\/\/www.nanomade.com\/wp-content\/uploads\/2024\/06\/Press-Kit-Logos-1-300x300.png 300w, https:\/\/www.nanomade.com\/wp-content\/uploads\/2024\/06\/Press-Kit-Logos-1-100x100.png 100w, https:\/\/www.nanomade.com\/wp-content\/uploads\/2024\/06\/Press-Kit-Logos-1-600x600.png 600w, https:\/\/www.nanomade.com\/wp-content\/uploads\/2024\/06\/Press-Kit-Logos-1-1024x1024.png 1024w, https:\/\/www.nanomade.com\/wp-content\/uploads\/2024\/06\/Press-Kit-Logos-1-150x150.png 150w, https:\/\/www.nanomade.com\/wp-content\/uploads\/2024\/06\/Press-Kit-Logos-1-768x768.png 768w, https:\/\/www.nanomade.com\/wp-content\/uploads\/2024\/06\/Press-Kit-Logos-1-1536x1536.png 1536w, https:\/\/www.nanomade.com\/wp-content\/uploads\/2024\/06\/Press-Kit-Logos-1-2048x2048.png 2048w\" sizes=\"auto, (max-width: 2084px) 100vw, 2084px\" \/><\/figure>\n\n\n\n<p class=\"gb-headline gb-headline-2411cdbf gb-headline-text\">Logo<\/p>\n\n\n\n<a class=\"gb-button gb-button-8c86b5ab gb-button-text btn_degrade-bleu\" href=\"https:\/\/www.nanomade.com\/wp-content\/uploads\/2024\/05\/Logos-Nanomade-1.zip\" target=\"_blank\" rel=\"noopener noreferrer\">T\u00e9l\u00e9charger<\/a>\n\n<\/div><\/div>\n\n<div class=\"gb-grid-column gb-grid-column-e6aee28c\"><div class=\"gb-container gb-container-e6aee28c\">\n\n<figure class=\"gb-block-image gb-block-image-e3fa6cbd\"><img loading=\"lazy\" decoding=\"async\" width=\"2084\" height=\"2084\" class=\"gb-image gb-image-e3fa6cbd\" src=\"https:\/\/www.nanomade.com\/wp-content\/uploads\/2024\/06\/Press-Kit-Logos_Images-2.png\" alt=\"\" title=\"Press-Kit-Logos_Images-2\" srcset=\"https:\/\/www.nanomade.com\/wp-content\/uploads\/2024\/06\/Press-Kit-Logos_Images-2.png 2084w, https:\/\/www.nanomade.com\/wp-content\/uploads\/2024\/06\/Press-Kit-Logos_Images-2-300x300.png 300w, https:\/\/www.nanomade.com\/wp-content\/uploads\/2024\/06\/Press-Kit-Logos_Images-2-100x100.png 100w, https:\/\/www.nanomade.com\/wp-content\/uploads\/2024\/06\/Press-Kit-Logos_Images-2-600x600.png 600w, https:\/\/www.nanomade.com\/wp-content\/uploads\/2024\/06\/Press-Kit-Logos_Images-2-1024x1024.png 1024w, https:\/\/www.nanomade.com\/wp-content\/uploads\/2024\/06\/Press-Kit-Logos_Images-2-150x150.png 150w, https:\/\/www.nanomade.com\/wp-content\/uploads\/2024\/06\/Press-Kit-Logos_Images-2-768x768.png 768w, https:\/\/www.nanomade.com\/wp-content\/uploads\/2024\/06\/Press-Kit-Logos_Images-2-1536x1536.png 1536w, https:\/\/www.nanomade.com\/wp-content\/uploads\/2024\/06\/Press-Kit-Logos_Images-2-2048x2048.png 2048w\" sizes=\"auto, (max-width: 2084px) 100vw, 2084px\" \/><\/figure>\n\n\n\n<p class=\"gb-headline gb-headline-91e6fd5c gb-headline-text\">Photo<\/p>\n\n\n\n<span class=\"gb-button gb-button-13a1be95 gb-button-text btn_degrade-bleu\">T\u00e9l\u00e9charger<\/span>\n\n<\/div><\/div>\n\n<div class=\"gb-grid-column gb-grid-column-d3733f06\"><div class=\"gb-container gb-container-d3733f06\">\n\n<figure class=\"gb-block-image gb-block-image-be53a831\"><img loading=\"lazy\" decoding=\"async\" width=\"2084\" height=\"2084\" class=\"gb-image gb-image-be53a831\" src=\"https:\/\/www.nanomade.com\/wp-content\/uploads\/2024\/06\/Press-Kit-Logos_Articles-2.png\" alt=\"\" title=\"Press-Kit-Logos_Articles-2\" srcset=\"https:\/\/www.nanomade.com\/wp-content\/uploads\/2024\/06\/Press-Kit-Logos_Articles-2.png 2084w, https:\/\/www.nanomade.com\/wp-content\/uploads\/2024\/06\/Press-Kit-Logos_Articles-2-300x300.png 300w, https:\/\/www.nanomade.com\/wp-content\/uploads\/2024\/06\/Press-Kit-Logos_Articles-2-100x100.png 100w, https:\/\/www.nanomade.com\/wp-content\/uploads\/2024\/06\/Press-Kit-Logos_Articles-2-600x600.png 600w, https:\/\/www.nanomade.com\/wp-content\/uploads\/2024\/06\/Press-Kit-Logos_Articles-2-1024x1024.png 1024w, https:\/\/www.nanomade.com\/wp-content\/uploads\/2024\/06\/Press-Kit-Logos_Articles-2-150x150.png 150w, https:\/\/www.nanomade.com\/wp-content\/uploads\/2024\/06\/Press-Kit-Logos_Articles-2-768x768.png 768w, https:\/\/www.nanomade.com\/wp-content\/uploads\/2024\/06\/Press-Kit-Logos_Articles-2-1536x1536.png 1536w, https:\/\/www.nanomade.com\/wp-content\/uploads\/2024\/06\/Press-Kit-Logos_Articles-2-2048x2048.png 2048w\" sizes=\"auto, (max-width: 2084px) 100vw, 2084px\" \/><\/figure>\n\n\n\n<p class=\"gb-headline gb-headline-850aedda gb-headline-text\">Press review<\/p>\n\n\n\n<a class=\"gb-button gb-button-6a048e97 gb-button-text btn_degrade-bleu\" href=\"https:\/\/www.nanomade.com\/en\/press-reviews\/\">Voir<\/a>\n\n<\/div><\/div>\n\n<div class=\"gb-grid-column gb-grid-column-51d4f567\"><div class=\"gb-container gb-container-51d4f567\">\n\n<figure class=\"gb-block-image gb-block-image-59a64166\"><img loading=\"lazy\" decoding=\"async\" width=\"2084\" height=\"2084\" class=\"gb-image gb-image-59a64166\" src=\"https:\/\/www.nanomade.com\/wp-content\/uploads\/2024\/06\/Press-Kit-Logos_Brochures-2.png\" alt=\"\" title=\"Press-Kit-Logos_Brochures-2\" srcset=\"https:\/\/www.nanomade.com\/wp-content\/uploads\/2024\/06\/Press-Kit-Logos_Brochures-2.png 2084w, https:\/\/www.nanomade.com\/wp-content\/uploads\/2024\/06\/Press-Kit-Logos_Brochures-2-300x300.png 300w, https:\/\/www.nanomade.com\/wp-content\/uploads\/2024\/06\/Press-Kit-Logos_Brochures-2-100x100.png 100w, https:\/\/www.nanomade.com\/wp-content\/uploads\/2024\/06\/Press-Kit-Logos_Brochures-2-600x600.png 600w, https:\/\/www.nanomade.com\/wp-content\/uploads\/2024\/06\/Press-Kit-Logos_Brochures-2-1024x1024.png 1024w, https:\/\/www.nanomade.com\/wp-content\/uploads\/2024\/06\/Press-Kit-Logos_Brochures-2-150x150.png 150w, https:\/\/www.nanomade.com\/wp-content\/uploads\/2024\/06\/Press-Kit-Logos_Brochures-2-768x768.png 768w, https:\/\/www.nanomade.com\/wp-content\/uploads\/2024\/06\/Press-Kit-Logos_Brochures-2-1536x1536.png 1536w, https:\/\/www.nanomade.com\/wp-content\/uploads\/2024\/06\/Press-Kit-Logos_Brochures-2-2048x2048.png 2048w\" sizes=\"auto, (max-width: 2084px) 100vw, 2084px\" \/><\/figure>\n\n\n\n<p class=\"gb-headline gb-headline-649c857c gb-headline-text\">Brochure<\/p>\n\n\n\n<a class=\"gb-button gb-button-5fedddc8 gb-button-text btn_degrade-bleu\" href=\"https:\/\/www.nanomade.com\/wp-content\/uploads\/2024\/05\/Flyers_Brochures-Nanomade-1.zip\" target=\"_blank\" rel=\"noopener noreferrer\">T\u00e9l\u00e9charger<\/a>\n\n<\/div><\/div>\n<\/div>\n<\/div>\n<\/div>","protected":false},"excerpt":{"rendered":"<p>Kit de presse Les sp\u00e9cialistes de la conception et de la fabrication de capteurs de d\u00e9formation ultra-sensibles Documentation officielle T\u00e9l\u00e9chargez notre logo, nos photos et le mat\u00e9riel de communication officiel de Nanomade.<\/p>\n","protected":false},"author":2,"featured_media":0,"parent":0,"menu_order":0,"comment_status":"closed","ping_status":"closed","template":"","meta":{"_acf_changed":false,"_gspb_post_css":"","footnotes":""},"class_list":["post-1688","page","type-page","status-publish"],"acf":[],"_links":{"self":[{"href":"https:\/\/www.nanomade.com\/fr\/wp-json\/wp\/v2\/pages\/1688","targetHints":{"allow":["GET"]}}],"collection":[{"href":"https:\/\/www.nanomade.com\/fr\/wp-json\/wp\/v2\/pages"}],"about":[{"href":"https:\/\/www.nanomade.com\/fr\/wp-json\/wp\/v2\/types\/page"}],"author":[{"embeddable":true,"href":"https:\/\/www.nanomade.com\/fr\/wp-json\/wp\/v2\/users\/2"}],"replies":[{"embeddable":true,"href":"https:\/\/www.nanomade.com\/fr\/wp-json\/wp\/v2\/comments?post=1688"}],"version-history":[{"count":0,"href":"https:\/\/www.nanomade.com\/fr\/wp-json\/wp\/v2\/pages\/1688\/revisions"}],"wp:attachment":[{"href":"https:\/\/www.nanomade.com\/fr\/wp-json\/wp\/v2\/media?parent=1688"}],"curies":[{"name":"wp","href":"https:\/\/api.w.org\/{rel}","templated":true}]}}