{"id":5646,"date":"2026-04-14T15:30:58","date_gmt":"2026-04-14T15:30:58","guid":{"rendered":"https:\/\/www.nanomade.com\/?page_id=5646"},"modified":"2026-04-14T15:31:01","modified_gmt":"2026-04-14T15:31:01","slug":"touch-taiwan-2026","status":"publish","type":"page","link":"https:\/\/www.nanomade.com\/fr\/touch-taiwan-2026\/","title":{"rendered":"Touch Ta\u00efwan 2026"},"content":{"rendered":"<div class=\"gb-container gb-container-9ab74c6f content-cms-page\">\n\n<div class=\"wp-block-greenshift-blocks-image gspb_image gspb_image-id-gsbp-57aa33e\" id=\"gspb_image-id-gsbp-57aa33e\"><img decoding=\"async\" src=\"https:\/\/www.nanomade.com\/wp-content\/uploads\/2026\/04\/banner-page-touchTaiwan26.jpg\" data-src=\"\" alt=\"\" loading=\"lazy\" width=\"1200\" height=\"203\"\/><\/div>\n\n\n<div class=\"gb-container gb-container-b50f135f\">\n\n<h2 class=\"gsbp-27c2f72\"><strong>L&rsquo;avenir des surfaces intelligentes<\/strong><\/h2>\n\n\n\n<p class=\"has-text-align-center\">D\u00e9couvrez les technologies tactiles m\u00e9talliques et transparentes de Nanomade au salon Touch Taiwan 2026.<\/p>\n\n\n\n<p><\/p>\n\n\n<div class=\"gb-container gb-container-3c02a2ba\">\n\n<div id=\"gspb_text-id-gsbp-94d1675\" class=\"gspb_text gspb_text-id-gsbp-94d1675 \">Rejoignez-nous \u00e0 Taipei pour assister \u00e0 des d\u00e9monstrations en direct de nos derni\u00e8res technologies tactiles.\u00a0<br>D\u00e9couvrez comment les surfaces m\u00e9talliques et transparentes peuvent devenir totalement interactives.\u00a0<br>Du <strong>8 au 10 Avril<\/strong>\u00a0&#8211; Stand <strong>L717 (4F)<\/strong>\u00a0\u00a0<\/div>\n\n<\/div>\n\n<div class=\"gb-container gb-container-e3fb5e79\">\n\n<h3 class=\"wp-block-heading\" id=\"touch-metal-une-interaction-fluide-quelle-que-soit-la-surface\"><strong><mark style=\"background-color:rgba(0, 0, 0, 0)\" class=\"has-inline-color has-accent-color\">Touch Metal <\/mark>\u2013 Une interaction fluide, quelle que soit la surface<\/strong><\/h3>\n\n\n\n<div id=\"gspb_text-id-gsbp-fe266ff\" class=\"gspb_text gspb_text-id-gsbp-fe266ff \">Nanomade transforme n\u2019importe quelle surface m\u00e9tallique en une interface homme-machine (IHM) intuitive en int\u00e9grant des capteurs tactiles avanc\u00e9s directement dans le mat\u00e9riau. Cette solution mat\u00e9rielle permet de concevoir des interfaces m\u00e9talliques totalement invisibles, en enlevant les boutons et ouvertures m\u00e9caniques.<br><br>Gr\u00e2ce \u00e0 son retour haptique int\u00e9gr\u00e9, le syst\u00e8me reproduit des sensations tactiles r\u00e9alistes sans recourir \u00e0 des pi\u00e8ces m\u00e9caniques, facilitant son int\u00e9gration dans des syst\u00e8mes embarqu\u00e9s et am\u00e9liorant l\u2019exp\u00e9rience utilisateur.<br><br>Des effets lumineux personnalisables peuvent aussi \u00eatre int\u00e9gr\u00e9s pour offrir un retour visuel \u00e0 travers la mati\u00e8re, am\u00e9liorant l\u2019ergonomie et valorisant le design premium du produit.<\/div>\n\n\n<div class=\"gb-container gb-container-47675fcd\">\n\n<div class=\"wp-block-greenshift-blocks-row gspb_row gspb_row-id-gsbp-2ba8a83\" id=\"gspb_row-id-gsbp-2ba8a83\"><div class=\"gspb_row__content\"> \n<div class=\"wp-block-greenshift-blocks-row-column gspb_row__col--6 gspb_col-id-gsbp-054f721\" id=\"gspb_col-id-gsbp-054f721\">\n<div class=\"wp-block-greenshift-blocks-image gspb_image gspb_image-id-gsbp-d20f699\" id=\"gspb_image-id-gsbp-d20f699\"><a href=\"https:\/\/youtu.be\/F6nQS5HDmso \" title=\"Metal touch interactions - Watch the video\" target=\"_blank\" rel=\"noopener\"><img decoding=\"async\" src=\"https:\/\/www.nanomade.com\/wp-content\/uploads\/2026\/03\/img-play-video-metalPc-2.jpg\" data-src=\"\" alt=\"\" loading=\"lazy\" class=\"wp-image-5581\" width=\"550\" height=\"310\" srcset=\"https:\/\/www.nanomade.com\/wp-content\/uploads\/2026\/03\/img-play-video-metalPc-2.jpg 550w, https:\/\/www.nanomade.com\/wp-content\/uploads\/2026\/03\/img-play-video-metalPc-2-300x169.jpg 300w\" sizes=\"auto, (max-width: 550px) 100vw, 550px\" \/><\/a><\/div>\n<\/div>\n\n\n\n<div class=\"wp-block-greenshift-blocks-row-column gspb_row__col--6 gspb_col-id-gsbp-e81930d\" id=\"gspb_col-id-gsbp-e81930d\">\n<p>Principaux avantages\u00a0:\u00a0<\/p>\n\n\n\n<ul class=\"wp-block-list\">\n<li>Interface invisible\u00a0\u00a0<\/li>\n\n\n\n<li>Retour haptique sans pi\u00e8ces m\u00e9caniques<\/li>\n\n\n\n<li>Int\u00e9gration facile dans les syst\u00e8mes embarqu\u00e9s\u00a0\u00a0<\/li>\n\n\n\n<li>Adapt\u00e9 aux secteurs de l\u2019\u00e9lectronique grand public, de l\u2019industrie et de l\u2019automobile\u00a0<\/li>\n\n\n\n<li>Durable, fiable et r\u00e9sistant<\/li>\n<\/ul>\n<\/div>\n <\/div><\/div>\n\n<\/div>\n<\/div>\n\n<div class=\"gb-container gb-container-5bae2815\">\n\n<h3 class=\"wp-block-heading\" id=\"commandes-tactiles-avancees-pour-casques-en-metal\"><strong><mark style=\"background-color:rgba(0, 0, 0, 0)\" class=\"has-inline-color has-accent-color\">Commandes tactiles avanc\u00e9es <\/mark>pour casques en m\u00e9tal<\/strong><\/h3>\n\n\n<div class=\"gb-container gb-container-8f6b460e\">\n\n<div class=\"wp-block-greenshift-blocks-row gspb_row gspb_row-id-gsbp-4510657\" id=\"gspb_row-id-gsbp-4510657\"><div class=\"gspb_row__content\"> \n<div class=\"wp-block-greenshift-blocks-row-column gspb_row__col--8 gspb_row__col--md-6 gspb_col-id-gsbp-e13e00a\" id=\"gspb_col-id-gsbp-e13e00a\">\n<div id=\"gspb_text-id-gsbp-3fc36f3\" class=\"gspb_text gspb_text-id-gsbp-3fc36f3 \">Con\u00e7u pour les casques de nouvelle g\u00e9n\u00e9ration, Nanomade permet des commandes tactiles intuitives directement sur les bo\u00eetiers m\u00e9talliques, en pr\u00e9servant un design \u00e9pur\u00e9 et une ergonomie infaillible, sans recourir \u00e0 des interfaces m\u00e9caniques traditionnelles.<\/div>\n<\/div>\n\n\n\n<div class=\"wp-block-greenshift-blocks-row-column gspb_row__col--4 gspb_row__col--md-6 gspb_col-id-gsbp-41fcbee\" id=\"gspb_col-id-gsbp-41fcbee\">\n<div class=\"wp-block-greenshift-blocks-image gspb_image gspb_image-id-gsbp-320a4fc\" id=\"gspb_image-id-gsbp-320a4fc\"><a href=\"https:\/\/youtu.be\/dhhWzDtTm4E\" target=\"_blank\" rel=\"noopener\"><img decoding=\"async\" src=\"https:\/\/www.nanomade.com\/wp-content\/uploads\/2026\/03\/Headset-metal-video-V2.jpg\" data-src=\"\" alt=\"\" loading=\"lazy\" width=\"300px\" height=\"324\" title=\"Headset metal - Watch the video\"\/><\/a><\/div>\n<\/div>\n <\/div><\/div>\n\n<\/div>\n\n\n<div id=\"gspb_text-id-gsbp-7324a60\" class=\"gspb_text gspb_text-id-gsbp-7324a60 \">La technologie est optimis\u00e9e pour les surfaces compactes et les surfaces courbes, ce qui la rend id\u00e9ale pour les casques audio modernes, les casques AR et les casques VR o\u00f9 l\u2019espace, le confort et la pr\u00e9cision sont essentiels. Le retour haptique int\u00e9gr\u00e9 fournit une confirmation tactile claire pour chaque interaction, permettant aux utilisateurs de naviguer sans effort dans des environnements immersifs ou sans contact visuel.<br><br>Par ailleurs, un retour lumineux dynamique peut \u00eatre int\u00e9gr\u00e9 \u00e0 l\u2019interface, am\u00e9liorant l\u2019ergonomie et guidant les interactions dans des conditions de faible visibilit\u00e9, tout en renfor\u00e7ant l\u2019identit\u00e9 premium du produit. Sans usure m\u00e9canique, la solution garantit une fiabilit\u00e9 \u00e0 long terme et des performances constantes, aussi bien pour des applications grand public que professionnelles.<\/div>\n\n<\/div>\n\n<div class=\"gb-container gb-container-70714d64\">\n\n<h3 class=\"wp-block-heading\" id=\"interfaces-tactiles-intelligentes-dediees-aux-systemes-de-controle-d-acces\"><strong><mark style=\"background-color:rgba(0, 0, 0, 0)\" class=\"has-inline-color has-accent-color\">Interfaces tactiles intelligentes<\/mark> d\u00e9di\u00e9es aux syst\u00e8mes de contr\u00f4le d\u2019acc\u00e8s<\/strong><\/h3>\n\n\n<div class=\"gb-container gb-container-04e42b3b\">\n\n<div id=\"gspb_text-id-gsbp-63d481b\" class=\"gspb_text gspb_text-id-gsbp-63d481b \">\u00a0<br>Nanomade ouvre la voie \u00e0 une nouvelle g\u00e9n\u00e9ration de syst\u00e8mes de contr\u00f4le d\u2019acc\u00e8s robustes en int\u00e9grant des interfaces tactiles intuitives directement sous des surfaces m\u00e9talliques. Con\u00e7ue pour des applications telles que les interphones, claviers et syst\u00e8mes de visiophonie, cette technologie allie fonctionnalit\u00e9s avanc\u00e9es et esth\u00e9tique moderne et \u00e9pur\u00e9e. En int\u00e9grant des commandes tactiles au sein de mat\u00e9riaux premium comme l\u2019acier inoxydable ou l\u2019aluminium, les fabricants peuvent cr\u00e9er des designs sans boutons, parfaitement homog\u00e8nes, tout en am\u00e9liorant la durabilit\u00e9 et en facilitant le nettoyage et la maintenance de leurs produits. L\u2019absence de pi\u00e8ces m\u00e9caniques r\u00e9duit l\u2019usure et garantit une fiabilit\u00e9 \u00e0 long terme, y compris dans des environnements \u00e0 fort trafic. Pens\u00e9e pour des conditions ext\u00e9rieures et exigeantes, la solution offre des performances constantes face \u00e0 l\u2019humidit\u00e9, aux variations de temp\u00e9rature et \u00e0 une utilisation intensive. Le retour haptique int\u00e9gr\u00e9 fournit une confirmation tactile claire \u00e0 chaque interaction, tandis qu\u2019un r\u00e9tro\u00e9clairage discret am\u00e9liore la visibilit\u00e9 et guide les utilisateurs de mani\u00e8re claire et quelles que soient les conditions. Id\u00e9ale pour les b\u00e2timents intelligents, les r\u00e9sidences et les infrastructures commerciales, cette approche simplifie la conception des produits, r\u00e9duit les besoins de maintenance et favorise le d\u00e9veloppement de solutions de contr\u00f4le d\u2019acc\u00e8s s\u00e9curis\u00e9es, durables et intuitives.<\/div>\n\n<\/div>\n\n<div class=\"gb-container gb-container-946d6ebe\">\n\n<div class=\"wp-block-greenshift-blocks-image gspb_image gspb_image-id-gsbp-37341e7\" id=\"gspb_image-id-gsbp-37341e7\"><a href=\"https:\/\/youtu.be\/IMWxJLR50WE\" title=\"Metal touch keyboard - Watch the video\" target=\"_blank\" rel=\"noopener\"><img decoding=\"async\" src=\"https:\/\/www.nanomade.com\/wp-content\/uploads\/2026\/03\/digicode.jpg\" data-src=\"\" alt=\"\" loading=\"lazy\" width=\"414\" height=\"348\" title=\"\"\/><\/a><\/div>\n\n<\/div>\n<\/div>\n\n<div class=\"gb-container gb-container-b0c1f784\">\n\n<h3 class=\"wp-block-heading\" id=\"force-touch-transparents-une-premiere-mondiale-dans-les-surfaces-interactives\"><strong><mark style=\"background-color:rgba(0, 0, 0, 0)\" class=\"has-inline-color has-accent-color\">Force &amp; Touch transparents<\/mark> &#8211; une premi\u00e8re mondiale dans les surfaces interactives\u00a0<\/strong><\/h3>\n\n\n<div class=\"gb-container gb-container-407d00b9\">\n\n<div class=\"wp-block-greenshift-blocks-row gspb_row gspb_row-id-gsbp-894fda9\" id=\"gspb_row-id-gsbp-894fda9\"><div class=\"gspb_row__content\"> \n<div class=\"wp-block-greenshift-blocks-row-column gspb_row__col--6 gspb_col-id-gsbp-4ff0c40\" id=\"gspb_col-id-gsbp-4ff0c40\">\n<div id=\"gspb_text-id-gsbp-fd7896d\" class=\"gspb_text gspb_text-id-gsbp-fd7896d \">Nanomade, en collaboration avec PolyIC, pr\u00e9sente une avanc\u00e9e majeure dans les interfaces homme-machine avec la premi\u00e8re technologie au monde combinant <strong>la d\u00e9tection de force et l\u2019interaction tactile sur des surfaces enti\u00e8rement transparentes.<\/strong> Cette innovation ouvre de nouvelles possibilit\u00e9s pour concevoir des surfaces en verre interactives, sans compromettre la visibilit\u00e9, la clart\u00e9 ni l\u2019esth\u00e9tique du produit.<\/div>\n<\/div>\n\n\n\n<div class=\"wp-block-greenshift-blocks-row-column gspb_row__col--6 gspb_col-id-gsbp-e6f1744\" id=\"gspb_col-id-gsbp-e6f1744\">\n<figure class=\"wp-block-image size-full\"><img loading=\"lazy\" decoding=\"async\" width=\"420\" height=\"252\" src=\"https:\/\/www.nanomade.com\/wp-content\/uploads\/2026\/03\/image-3.png\" alt=\"\" class=\"wp-image-5542\" srcset=\"https:\/\/www.nanomade.com\/wp-content\/uploads\/2026\/03\/image-3.png 420w, https:\/\/www.nanomade.com\/wp-content\/uploads\/2026\/03\/image-3-300x180.png 300w\" sizes=\"auto, (max-width: 420px) 100vw, 420px\" \/><\/figure>\n<\/div>\n <\/div><\/div>\n\n<\/div>\n\n\n<div id=\"gspb_text-id-gsbp-498878a\" class=\"gspb_text gspb_text-id-gsbp-498878a \">Contrairement aux solutions traditionnelles, cette technologie permet \u00e0 la fois une d\u00e9tection tactile<strong> pr\u00e9cise et une interaction bas\u00e9e sur la force<\/strong>, offrant aux utilisateurs la possibilit\u00e9 d\u2019interagir avec diff\u00e9rents niveaux de pression pour des commandes plus intuitives et avanc\u00e9es. Cela permet de cr\u00e9er des exp\u00e9riences utilisateur plus riches, tout en conservant une interface totalement fluide et invisible.<br>Enti\u00e8rement compatible avec le verre, les \u00e9crans et les mat\u00e9riaux transparents, la solution est id\u00e9ale pour les applications o\u00f9 le design et la transparence sont essentiels, tels que les \u00e9crans utilis\u00e9s dans les commerces de grande distribution, les fen\u00eatres intelligentes, les panneaux de commande et les interfaces utilisateur de nouvelle g\u00e9n\u00e9ration.<\/div>\n\n<\/div>\n<\/div>\n<\/div>\n\n\n<p><\/p>\n","protected":false},"excerpt":{"rendered":"<p>D\u00e9couvrez les technologies tactiles m\u00e9talliques et transparentes de Nanomade au salon Touch Taiwan 2026. Touch Metal \u2013 Une interaction fluide, quelle que soit la surface Commandes tactiles avanc\u00e9es pour casques en m\u00e9tal Interfaces tactiles intelligentes d\u00e9di\u00e9es aux syst\u00e8mes de contr\u00f4le d\u2019acc\u00e8s Force &amp; Touch transparents &#8211; une premi\u00e8re mondiale dans les surfaces interactives\u00a0<\/p>\n","protected":false},"author":9,"featured_media":0,"parent":0,"menu_order":0,"comment_status":"closed","ping_status":"closed","template":"","meta":{"_acf_changed":false,"_gspb_post_css":".gspb_text-id-gsbp-94d1675,.gspb_text-id-gsbp-94d1675 .gsap-g-line{text-align:center!important}.gspb_text-id-gsbp-94d1675{margin-top:0!important;padding-top:10px!important;padding-bottom:10px!important;border-style:solid;border-width:1px;border-color:var(--wp--preset--color--textcolor, #333333)}#gspb_row-id-gsbp-2ba8a83,#gspb_row-id-gsbp-4510657{justify-content:space-between;margin-top:0;margin-bottom:0;display:flex;flex-wrap:wrap}#gspb_row-id-gsbp-2ba8a83>.gspb_row__content{display:flex;justify-content:space-between;margin:0 auto;width:100%;flex-wrap:wrap;max-width:1200px}div[id^=gspb_col-id]{box-sizing:border-box;position:relative;padding:var(--gs-row-column-padding, 15px min(3vw, 20px))}#gspb_col-id-gsbp-054f721.gspb_row__col--6{width:50%}@media (max-width:575.98px){#gspb_col-id-gsbp-054f721.gspb_row__col--6{width:100%}}#gspb_image-id-gsbp-320a4fc img,#gspb_image-id-gsbp-57aa33e img,#gspb_image-id-gsbp-d20f699 img{vertical-align:top;display:inline-block;box-sizing:border-box;max-width:100%;height:auto}#gspb_image-id-gsbp-d20f699 img{object-position:71% 41%}#gspb_col-id-gsbp-e81930d.gspb_row__col--6{width:50%}@media (max-width:575.98px){#gspb_col-id-gsbp-e81930d.gspb_row__col--6{width:100%}}#gspb_row-id-gsbp-4510657>.gspb_row__content{display:flex;justify-content:space-between;margin:0 auto;width:100%;flex-wrap:wrap;max-width:1200px}#gspb_col-id-gsbp-e13e00a.gspb_row__col--8{width:66.66666666666667%}@media (max-width:991.98px){#gspb_col-id-gsbp-e13e00a.gspb_row__col--8{width:50%}}@media (max-width:575.98px){#gspb_col-id-gsbp-e13e00a.gspb_row__col--8{width:100%}}#gspb_col-id-gsbp-41fcbee.gspb_row__col--4{width:33.333333333333336%}@media (max-width:991.98px){#gspb_col-id-gsbp-41fcbee.gspb_row__col--4{width:50%}}@media (max-width:575.98px){#gspb_col-id-gsbp-41fcbee.gspb_row__col--4{width:100%}}#gspb_image-id-gsbp-320a4fc img{width:300px}#gspb_image-id-gsbp-320a4fc{height:auto}@media (max-width:991.98px){#gspb_image-id-gsbp-320a4fc,#gspb_image-id-gsbp-320a4fc img{height:auto}}@media (max-width:767.98px){#gspb_image-id-gsbp-320a4fc,#gspb_image-id-gsbp-320a4fc img{height:auto}}@media (max-width:575.98px){#gspb_image-id-gsbp-320a4fc,#gspb_image-id-gsbp-320a4fc img{height:auto}}.gspb_text-id-gsbp-63d481b,.gspb_text-id-gsbp-7324a60{margin-bottom:0!important}#gspb_image-id-gsbp-37341e7 img{vertical-align:top;display:inline-block;box-sizing:border-box;max-width:100%;height:auto}#gspb_row-id-gsbp-894fda9{justify-content:space-between;margin-top:0;margin-bottom:0;display:flex;flex-wrap:wrap}#gspb_row-id-gsbp-894fda9>.gspb_row__content{display:flex;justify-content:space-between;margin:0 auto;width:100%;flex-wrap:wrap;max-width:1200px}.gspb_row{position:relative}#gspb_col-id-gsbp-4ff0c40.gspb_row__col--6{width:50%}@media (max-width:575.98px){#gspb_col-id-gsbp-4ff0c40.gspb_row__col--6{width:100%}}.gspb_text-id-gsbp-fd7896d,.gspb_text-id-gsbp-fd7896d .gsap-g-line{text-align:left!important}.gspb_text-id-gsbp-498878a,.gspb_text-id-gsbp-fd7896d{margin-bottom:0!important}#gspb_col-id-gsbp-e6f1744.gspb_row__col--6{width:50%}@media (max-width:575.98px){#gspb_col-id-gsbp-e6f1744.gspb_row__col--6{width:100%}}.gspb_text-id-gsbp-fe266ff{margin-top:0!important}.gsbp-27c2f72{color:var(--wp--preset--color--accent, var(--accent))}","footnotes":""},"class_list":["post-5646","page","type-page","status-publish"],"acf":[],"_links":{"self":[{"href":"https:\/\/www.nanomade.com\/fr\/wp-json\/wp\/v2\/pages\/5646","targetHints":{"allow":["GET"]}}],"collection":[{"href":"https:\/\/www.nanomade.com\/fr\/wp-json\/wp\/v2\/pages"}],"about":[{"href":"https:\/\/www.nanomade.com\/fr\/wp-json\/wp\/v2\/types\/page"}],"author":[{"embeddable":true,"href":"https:\/\/www.nanomade.com\/fr\/wp-json\/wp\/v2\/users\/9"}],"replies":[{"embeddable":true,"href":"https:\/\/www.nanomade.com\/fr\/wp-json\/wp\/v2\/comments?post=5646"}],"version-history":[{"count":8,"href":"https:\/\/www.nanomade.com\/fr\/wp-json\/wp\/v2\/pages\/5646\/revisions"}],"predecessor-version":[{"id":5664,"href":"https:\/\/www.nanomade.com\/fr\/wp-json\/wp\/v2\/pages\/5646\/revisions\/5664"}],"wp:attachment":[{"href":"https:\/\/www.nanomade.com\/fr\/wp-json\/wp\/v2\/media?parent=5646"}],"curies":[{"name":"wp","href":"https:\/\/api.w.org\/{rel}","templated":true}]}}