{"id":5827,"date":"2026-04-20T13:15:57","date_gmt":"2026-04-20T13:15:57","guid":{"rendered":"https:\/\/www.nanomade.com\/?page_id=5827"},"modified":"2026-04-20T13:16:02","modified_gmt":"2026-04-20T13:16:02","slug":"capteur-transparent-nanomade","status":"publish","type":"page","link":"https:\/\/www.nanomade.com\/fr\/capteur-transparent-nanomade\/","title":{"rendered":"Capteur transparent Nanomade"},"content":{"rendered":"<div class=\"gb-container gb-container-d8c31d00\">\n<div class=\"gb-container gb-container-ba73ec64\">\n\n<h2><strong><strong>Premi\u00e8re mondiale : les capteurs transparents Nanomade int\u00e9gr\u00e9s dans les interfaces invisibles et intelligentes<\/strong><\/strong><\/h2>\n\n\n\n<p>En Collaboration avec\u00a0PolyIc,\u00a0nanomade\u00a0est fi\u00e8re d\u2019annoncer le lancement du\u00a0premier\u00a0capteur\u00a0Force\u00a0and\u00a0Touch\u00a0compl\u00e8tement\u00a0transparent.\u00a0<\/p>\n\n\n\n<p>Les&nbsp;<strong>capteurs transparents d\u00e9velopp\u00e9s par&nbsp;Nanomade<\/strong>&nbsp;repr\u00e9sentent une avanc\u00e9e majeure dans le domaine des&nbsp;<strong>interfaces homme-machine (HMI)<\/strong>. Bas\u00e9s sur une technologie utilisant des&nbsp;encres charg\u00e9es en nanoparticules, ces capteurs permettent d\u2019int\u00e9grer&nbsp;<strong>d\u00e9tection de force ultra-sensible et interaction tactile<\/strong>&nbsp;dans des surfaces totalement transparentes, sans alt\u00e9rer l\u2019esth\u00e9tique ni les performances optiques.&nbsp;<\/p>\n\n\n\n<p>Con\u00e7us pour r\u00e9pondre aux exigences des industries les plus avanc\u00e9es, les capteurs transparents&nbsp;Nanomade&nbsp;ouvrent la voie \u00e0 une nouvelle g\u00e9n\u00e9ration d\u2019interfaces invisibles, intuitives et robustes.&nbsp;<br>&nbsp;<\/p>\n\n<\/div>\n\n<div class=\"gb-container gb-container-c7727739\">\n\n<h3><strong><strong>Une technologie unique de capteurs transparents avec d\u00e9tection de force<\/strong>\u00a0<\/strong><\/h3>\n\n\n<div class=\"gb-container gb-container-9353b520\">\n\n<div id=\"gspb_text-id-gsbp-af958c2\" class=\"gspb_text gspb_text-id-gsbp-af958c2 \">La technologie de capteurs transparents de\u00a0Nanomade\u00a0repose sur une combinaison unique d&rsquo;encre de d\u00e9tection \u00e0 base de nanoparticules enti\u00e8rement transparente, de substrats flexibles et d&rsquo;une compatibilit\u00e9 parfaite avec les couches tactiles capacitives existantes. Cette architecture de pointe permet la d\u00e9tection pr\u00e9cise de la force, de la pression et de la d\u00e9formation, le tout au sein d&rsquo;une seule structure\u00a0ultra-fine\u00a0et flexible. En int\u00e9grant \u00e0 la fois la d\u00e9tection tactile et la d\u00e9tection de force dans une m\u00eame couche transparente,\u00a0Nanomade\u00a0propose une solution r\u00e9volutionnaire pour les interfaces HMI transparentes, qui conserve une grande clart\u00e9 optique tout en ajoutant une nouvelle dimension d&rsquo;interaction. Cette technologie permet de concevoir des interfaces invisibles de nouvelle g\u00e9n\u00e9ration, \u00e0 la fois tr\u00e8s sensibles et facilement int\u00e9grables dans les syst\u00e8mes \u00e9lectroniques modernes.\u00a0<\/div>\n\n<\/div>\n\n<div class=\"gb-container gb-container-f8c150c1\">\n\n<div class=\"wp-block-greenshift-blocks-image gspb_image gspb_image-id-gsbp-c8ee9ac\" id=\"gspb_image-id-gsbp-c8ee9ac\"><img decoding=\"async\" src=\"https:\/\/www.nanomade.com\/wp-content\/uploads\/2026\/04\/image-press-polyIc-1.jpg\" data-src=\"\" alt=\"Capteur transparent Nanomade &amp; Poly IC\" loading=\"lazy\" width=\"364\" height=\"205\"\/><\/div>\n\n<\/div>\n<\/div>\n\n<div class=\"gb-container gb-container-7bf8882b\">\n\n<h3><strong>Une grande libert\u00e9 de conception gr\u00e2ce aux capteurs transparents<\/strong><\/h3>\n\n\n\n<p>Ces capteurs peuvent \u00eatre\u00a0facilement\u00a0int\u00e9gr\u00e9s dans diff\u00e9rents domaines tel que<\/p>\n\n\n\n<ul class=\"wp-block-list\">\n<li>Les int\u00e9rieurs d\u2019automobiles\u00a0<\/li>\n\n\n\n<li>L\u2019\u00e9lectronique grand public<\/li>\n\n\n\n<li>Appareil \u00e9lectrom\u00e9nagers intelligents\u00a0<\/li>\n\n\n\n<li>Supports m\u00e9dicaux<\/li>\n<\/ul>\n\n\n<div class=\"wp-block-image\">\n<figure class=\"aligncenter size-full is-resized\"><img loading=\"lazy\" decoding=\"async\" width=\"588\" height=\"354\" src=\"https:\/\/www.nanomade.com\/wp-content\/uploads\/2026\/04\/image.png\" alt=\"\" class=\"wp-image-5807\" style=\"aspect-ratio:1.6610497772612822;width:402px;height:auto\" srcset=\"https:\/\/www.nanomade.com\/wp-content\/uploads\/2026\/04\/image.png 588w, https:\/\/www.nanomade.com\/wp-content\/uploads\/2026\/04\/image-300x181.png 300w\" sizes=\"auto, (max-width: 588px) 100vw, 588px\" \/><\/figure>\n<\/div>\n<\/div>\n<\/div>","protected":false},"excerpt":{"rendered":"<p>En Collaboration avec\u00a0PolyIc,\u00a0nanomade\u00a0est fi\u00e8re d\u2019annoncer le lancement du\u00a0premier\u00a0capteur\u00a0Force\u00a0and\u00a0Touch\u00a0compl\u00e8tement\u00a0transparent.\u00a0 Les&nbsp;capteurs transparents d\u00e9velopp\u00e9s par&nbsp;Nanomade&nbsp;repr\u00e9sentent une avanc\u00e9e majeure dans le domaine des&nbsp;interfaces homme-machine (HMI). Bas\u00e9s sur une technologie utilisant des&nbsp;encres charg\u00e9es en nanoparticules, ces capteurs permettent d\u2019int\u00e9grer&nbsp;d\u00e9tection de force ultra-sensible et interaction tactile&nbsp;dans des surfaces totalement transparentes, sans alt\u00e9rer l\u2019esth\u00e9tique ni les performances optiques.&nbsp; Con\u00e7us pour r\u00e9pondre aux &#8230; <a title=\"Capteur transparent Nanomade\" class=\"read-more\" href=\"https:\/\/www.nanomade.com\/fr\/capteur-transparent-nanomade\/\" aria-label=\"En savoir plus sur Capteur transparent Nanomade\">Lire plus<\/a><\/p>\n","protected":false},"author":8,"featured_media":0,"parent":0,"menu_order":0,"comment_status":"closed","ping_status":"closed","template":"","meta":{"_acf_changed":false,"_gspb_post_css":".gspb_text-id-gsbp-af958c2{margin-bottom:0!important}#gspb_image-id-gsbp-c8ee9ac{text-align:center}#gspb_image-id-gsbp-c8ee9ac img{vertical-align:top;display:inline-block;box-sizing:border-box;max-width:100%;height:auto}body.gspb-bodyfront #gspb_image-id-gsbp-c8ee9ac{top:0}","footnotes":""},"class_list":["post-5827","page","type-page","status-publish"],"acf":[],"_links":{"self":[{"href":"https:\/\/www.nanomade.com\/fr\/wp-json\/wp\/v2\/pages\/5827","targetHints":{"allow":["GET"]}}],"collection":[{"href":"https:\/\/www.nanomade.com\/fr\/wp-json\/wp\/v2\/pages"}],"about":[{"href":"https:\/\/www.nanomade.com\/fr\/wp-json\/wp\/v2\/types\/page"}],"author":[{"embeddable":true,"href":"https:\/\/www.nanomade.com\/fr\/wp-json\/wp\/v2\/users\/8"}],"replies":[{"embeddable":true,"href":"https:\/\/www.nanomade.com\/fr\/wp-json\/wp\/v2\/comments?post=5827"}],"version-history":[{"count":3,"href":"https:\/\/www.nanomade.com\/fr\/wp-json\/wp\/v2\/pages\/5827\/revisions"}],"predecessor-version":[{"id":5830,"href":"https:\/\/www.nanomade.com\/fr\/wp-json\/wp\/v2\/pages\/5827\/revisions\/5830"}],"wp:attachment":[{"href":"https:\/\/www.nanomade.com\/fr\/wp-json\/wp\/v2\/media?parent=5827"}],"curies":[{"name":"wp","href":"https:\/\/api.w.org\/{rel}","templated":true}]}}