{"id":3130,"date":"2024-05-21T20:13:08","date_gmt":"2024-05-21T20:13:08","guid":{"rendered":"https:\/\/www.nanomade.com\/product\/dev-kit-pulse\/"},"modified":"2025-02-12T19:02:43","modified_gmt":"2025-02-12T19:02:43","slug":"demo-kit-pulse","status":"publish","type":"product","link":"https:\/\/www.nanomade.com\/fr\/produit\/demo-kit-pulse\/","title":{"rendered":"Kit Demo Pulse"},"content":{"rendered":"<p>Les capteurs Pulse sont con\u00e7us pour capturer avec pr\u00e9cision les signes vitaux tels que la fr\u00e9quence cardiaque, la fr\u00e9quence respiratoire, la variabilit\u00e9 de la fr\u00e9quence cardiaque (VFC), la variabilit\u00e9 de la fr\u00e9quence respiratoire (VFR) et les mouvements.<\/p>\n<p>Leur design compact et flexible assure des tests efficaces et la mise en \u0153uvre de fonctionnalit\u00e9s de surveillance physiologique en temps r\u00e9el. Con\u00e7us pour d\u00e9tecter les plus petites d\u00e9formations et changements physiologiques, les capteurs, lorsqu&rsquo;ils sont int\u00e9gr\u00e9s sous des mat\u00e9riaux tels que la mousse \u00e0 m\u00e9moire de forme, garantissent une collecte de donn\u00e9es pr\u00e9cise et fiable pour diverses applications de sant\u00e9.<\/p>\n<p>Les capteurs Pulse du kit demo sont int\u00e9gr\u00e9s dans un surmatelas en mousse ; les utilisateurs peuvent simplement placer ce surmatelas sur n&rsquo;importe quel si\u00e8ge pour le transformer en un syst\u00e8me sophistiqu\u00e9 de surveillance de la sant\u00e9. Le syst\u00e8me du kit demo se connecte \u00e0 l&rsquo;IHM via Bluetooth.<\/p>\n<h3>Contenu du kit<\/h3>\n<p>Le kit demo Pulse contient :<\/p>\n<ul>\n<li><strong>1 capteur Pulse int\u00e9gr\u00e9<\/strong> : Capteur unique d\u00e9j\u00e0 int\u00e9gr\u00e9 dans le surmatelas pour \u00e9valuation.<\/li>\n<li><strong>1 carte d&rsquo;acquisition<\/strong> : Int\u00e9gr\u00e9e au capteur dans le surmatelas. Acquiert les signaux du capteur et transmet les donn\u00e9es.<\/li>\n<li><strong>1 carte de traitement<\/strong> : Traite les signaux et transmet les donn\u00e9es \u00e0 l&rsquo;IHM.<\/li>\n<li><strong>1 c\u00e2ble micro-USB<\/strong> : Connecte la carte \u00e9lectronique d&rsquo;acquisition au PC.<\/li>\n<li><strong>1 cl\u00e9 USB<\/strong> : Contient le logiciel de visualisation Nanomade Studio (version Windows), le manuel d&rsquo;utilisation et la fiche technique du capteur.<\/li>\n<\/ul>\n","protected":false},"excerpt":{"rendered":"<p>Les kits demo Nanomade Pulse offrent une solution Plug &amp; Play qui permet aux clients de tester facilement nos capteurs de donn\u00e9es physiologiques dans leurs propres installations et environnements. Les kits contiennent tout le n\u00e9cessaire pour connecter et manipuler les capteurs Pulse en quelques minutes.<\/p>\n","protected":false},"featured_media":2423,"template":"","meta":{"_acf_changed":false,"_gspb_post_css":""},"product_brand":[],"product_cat":[36],"product_tag":[],"class_list":{"0":"post-3130","1":"product","2":"type-product","3":"status-publish","4":"has-post-thumbnail","6":"product_cat-dev-kit-fr","7":"sales-flash-overlay","8":"woocommerce-text-align-center","9":"woocommerce-image-align-center","10":"do-quantity-buttons","11":"wc-has-gallery","13":"first","14":"instock","15":"taxable","16":"shipping-taxable","17":"purchasable","18":"product-type-simple"},"acf":[],"_links":{"self":[{"href":"https:\/\/www.nanomade.com\/fr\/wp-json\/wp\/v2\/product\/3130","targetHints":{"allow":["GET"]}}],"collection":[{"href":"https:\/\/www.nanomade.com\/fr\/wp-json\/wp\/v2\/product"}],"about":[{"href":"https:\/\/www.nanomade.com\/fr\/wp-json\/wp\/v2\/types\/product"}],"wp:featuredmedia":[{"embeddable":true,"href":"https:\/\/www.nanomade.com\/fr\/wp-json\/wp\/v2\/media\/2423"}],"wp:attachment":[{"href":"https:\/\/www.nanomade.com\/fr\/wp-json\/wp\/v2\/media?parent=3130"}],"wp:term":[{"taxonomy":"product_brand","embeddable":true,"href":"https:\/\/www.nanomade.com\/fr\/wp-json\/wp\/v2\/product_brand?post=3130"},{"taxonomy":"product_cat","embeddable":true,"href":"https:\/\/www.nanomade.com\/fr\/wp-json\/wp\/v2\/product_cat?post=3130"},{"taxonomy":"product_tag","embeddable":true,"href":"https:\/\/www.nanomade.com\/fr\/wp-json\/wp\/v2\/product_tag?post=3130"}],"curies":[{"name":"wp","href":"https:\/\/api.w.org\/{rel}","templated":true}]}}