{"id":3131,"date":"2024-05-21T20:11:32","date_gmt":"2024-05-21T20:11:32","guid":{"rendered":"https:\/\/www.nanomade.com\/product\/touchforce-matrix-42-sensors\/"},"modified":"2025-07-09T08:27:16","modified_gmt":"2025-07-09T08:27:16","slug":"touchforce-matrix-42-sensors","status":"publish","type":"product","link":"https:\/\/www.nanomade.com\/fr\/produit\/touchforce-matrix-42-sensors\/","title":{"rendered":"Capteurs matriciels Touch&#038;Force 4 X 2"},"content":{"rendered":"<p>Les capteurs matriciels sont des outils id\u00e9aux pour explorer les fonctionnalit\u00e9s de balayage en plus des capacit\u00e9s fondamentales de d\u00e9tection tactile et de force. Leur conception les rend efficaces pour tester et mettre en \u0153uvre des fonctionnalit\u00e9s de mesure de bouton et de force de base ainsi que de reconnaissance de balayage et de motifs.<\/p>\n<p>Plac\u00e9s sous n&rsquo;importe quel mat\u00e9riau (bois, plastique, cuir, etc.) et pouvant \u00eatre appliqu\u00e9s sur n&rsquo;importe quelle forme 3D, Touch &amp; Force transforme tout objet en une interface sensible \u00e0 la force pour des applications tactiles ou de d\u00e9formation.<\/p>\n<p>Les capteurs combinent un dispositif tactile capacitif et un dispositif de d\u00e9tection de force dans la m\u00eame couche mince et flexible. En combinant les deux, Touch &amp; Force peut, par exemple, rejeter les entr\u00e9es tactiles involontaires. Il peut \u00e9galement \u00eatre utilis\u00e9 pour ajuster la force n\u00e9cessaire \u00e0 l&rsquo;activation d&rsquo;une application.<\/p>\n<p>Ce pack contient :<\/p>\n<ul>\n<li><strong>Capteurs matriciels Touch&amp;Force<\/strong> : Capteurs extr\u00eamement sensibles, fins et flexibles, \u00e0 utiliser tels quels \u00e0 des fins d&rsquo;\u00e9valuation, ou \u00e0 coller sous un objet \u00e0 fonctionnaliser.<\/li>\n<\/ul>\n<p><a href=\"https:\/\/www.nanomade.com\/wp-content\/uploads\/2025\/01\/24-12_DataSheet_MatrixSensor_CPF_M8_01.pdf\">Fiche technique capteurs<\/a><\/p>\n","protected":false},"excerpt":{"rendered":"<p>Les capteurs Touch&amp;Force sont des accessoires pouvant \u00eatre ajout\u00e9s \u00e0 tous les kits de d\u00e9veloppement Touch&amp;Force pour tester une vari\u00e9t\u00e9 de fonctions diff\u00e9rentes. Les capteurs matriciels Touch&amp;Force rendent possibles des fonctionnalit\u00e9s suppl\u00e9mentaires telles que les balayages et la reconnaissance de motifs.<\/p>\n","protected":false},"featured_media":2431,"template":"","meta":{"_acf_changed":false,"_gspb_post_css":""},"product_brand":[],"product_cat":[37],"product_tag":[],"class_list":{"0":"post-3131","1":"product","2":"type-product","3":"status-publish","4":"has-post-thumbnail","6":"product_cat-sensor-fr","7":"sales-flash-overlay","8":"woocommerce-text-align-center","9":"woocommerce-image-align-center","10":"do-quantity-buttons","11":"wc-has-gallery","13":"first","14":"instock","15":"taxable","16":"shipping-taxable","17":"product-type-external"},"acf":[],"_links":{"self":[{"href":"https:\/\/www.nanomade.com\/fr\/wp-json\/wp\/v2\/product\/3131","targetHints":{"allow":["GET"]}}],"collection":[{"href":"https:\/\/www.nanomade.com\/fr\/wp-json\/wp\/v2\/product"}],"about":[{"href":"https:\/\/www.nanomade.com\/fr\/wp-json\/wp\/v2\/types\/product"}],"wp:featuredmedia":[{"embeddable":true,"href":"https:\/\/www.nanomade.com\/fr\/wp-json\/wp\/v2\/media\/2431"}],"wp:attachment":[{"href":"https:\/\/www.nanomade.com\/fr\/wp-json\/wp\/v2\/media?parent=3131"}],"wp:term":[{"taxonomy":"product_brand","embeddable":true,"href":"https:\/\/www.nanomade.com\/fr\/wp-json\/wp\/v2\/product_brand?post=3131"},{"taxonomy":"product_cat","embeddable":true,"href":"https:\/\/www.nanomade.com\/fr\/wp-json\/wp\/v2\/product_cat?post=3131"},{"taxonomy":"product_tag","embeddable":true,"href":"https:\/\/www.nanomade.com\/fr\/wp-json\/wp\/v2\/product_tag?post=3131"}],"curies":[{"name":"wp","href":"https:\/\/api.w.org\/{rel}","templated":true}]}}