{"id":3135,"date":"2024-05-21T20:00:01","date_gmt":"2024-05-21T20:00:01","guid":{"rendered":"https:\/\/www.nanomade.com\/product\/dev-kit-touchforce\/"},"modified":"2025-02-12T19:04:28","modified_gmt":"2025-02-12T19:04:28","slug":"demo-kit-touchforce","status":"publish","type":"product","link":"https:\/\/www.nanomade.com\/fr\/produit\/demo-kit-touchforce\/","title":{"rendered":"Kit Demo Touch&#038;Force"},"content":{"rendered":"<h3>Capteurs individuels<\/h3>\n<p>Les capteurs individuels sont des outils id\u00e9aux pour explorer les capacit\u00e9s fondamentales de d\u00e9tection tactile et de force. Leur conception compacte les rend particuli\u00e8rement efficaces pour tester et mettre en \u0153uvre des fonctionnalit\u00e9s de mesure de bouton et de force de base.<\/p>\n<h3>Capteurs matriciels<\/h3>\n<p>Les capteurs matriciels, ici dans leur version 4*2, sont des outils id\u00e9aux pour explorer les fonctionnalit\u00e9s de balayage en plus des capacit\u00e9s fondamentales de d\u00e9tection tactile et de force. Leur conception les rend efficaces pour tester et mettre en \u0153uvre des fonctionnalit\u00e9s de mesure de bouton et de force de base ainsi que la reconnaissance de balayage et de motifs.<\/p>\n<h3>Int\u00e9gration et application<\/h3>\n<p>Coll\u00e9s sous n&rsquo;importe quel mat\u00e9riau (bois, plastique, cuir, etc.) et applicables sur n&rsquo;importe quelle forme 3D, les capteurs Touch&amp;Force transforment tout objet en une interface sensible au toucher et \u00e0 la force pour des applications tactiles ou de d\u00e9formation.<\/p>\n<p>Les capteurs combinent sur le m\u00eame film mince et flexible \u00e0 la fois une d\u00e9tection tactile capacitive et une d\u00e9tection de d\u00e9formation. En combinant les deux, Touch &amp; Force peut, par exemple, rejeter les entr\u00e9es tactiles involontaires. Il peut \u00e9galement \u00eatre utilis\u00e9 pour ajuster la force n\u00e9cessaire \u00e0 l&rsquo;activation d&rsquo;une application.<\/p>\n<h3>Contenu du kit<\/h3>\n<p>Les capteurs de ce pack peuvent \u00eatre utilis\u00e9s seuls \u00e0 des fins d&rsquo;\u00e9valuation ou coll\u00e9s sous une surface \u00e0 fonctionnaliser.<\/p>\n<p>Le kit demo Touch&amp;Force Single Nanomade contient :<\/p>\n<ul>\n<li><strong>4 capteurs Touch&amp;Force individuels<\/strong> : Leur conception compacte les rend particuli\u00e8rement efficaces pour tester et mettre en \u0153uvre des fonctionnalit\u00e9s de mesure de bouton et de force de base.<\/li>\n<li><strong>2 capteurs matriciels Touch&amp;Force<\/strong> : Dans leur version 4*2, ils permettent des fonctionnalit\u00e9s suppl\u00e9mentaires telles que les balayages et la reconnaissance de motifs.<\/li>\n<li><strong>1 capteur Touch &amp; Force individuel int\u00e9gr\u00e9<\/strong> : Capteur individuel d\u00e9j\u00e0 int\u00e9gr\u00e9 sous un panneau en bois pour \u00e9valuation.<\/li>\n<li><strong>1 capteur matriciel Touch &amp; Force int\u00e9gr\u00e9<\/strong> : Capteur matriciel d\u00e9j\u00e0 int\u00e9gr\u00e9 sous un panneau en bois pour \u00e9valuation.<\/li>\n<li><strong>1 carte \u00e9lectronique d&rsquo;acquisition<\/strong> : Traite le signal du capteur et mesure les informations de d\u00e9tection et de force pour l&rsquo;application PC distante.<\/li>\n<li><strong>1 c\u00e2ble micro-USB<\/strong> : Connecte la carte \u00e9lectronique d&rsquo;acquisition au PC.<\/li>\n<li><strong>1 cl\u00e9 USB<\/strong> : Contient le logiciel de visualisation Nanomade Studio (version Windows), le manuel d&rsquo;utilisation et la fiche technique du capteur.<\/li>\n<\/ul>\n<p><a href=\"https:\/\/www.nanomade.com\/wp-content\/uploads\/2025\/01\/24-12_DataSheet_SingleSensor_CPF_SP_01.pdf\">Fiche technique capteurs Touch &amp; Force individuel<\/a><\/p>\n<p><a href=\"https:\/\/www.nanomade.com\/wp-content\/uploads\/2025\/01\/24-12_DataSheet_MatrixSensor_CPF_M8_01.pdf\">Fiche technique capteurs Touch &amp; Force matriciel<\/a><\/p>\n","protected":false},"excerpt":{"rendered":"<p>Les kits demo Touch &amp; Force de Nanomade sont une solution Plug &amp; Play qui permet aux clients de tester librement nos capteurs dans leurs propres installations et environnements. Les kits contiennent tout le n\u00e9cessaire pour connecter et manipuler les capteurs Touch &amp; Force en quelques minutes.<\/p>\n<p>Tous les capteurs Touch &amp; Force vendus sur le site de Nanomade peuvent \u00eatre connect\u00e9s et test\u00e9s avec le kit demo Touch &amp; Force.<\/p>\n","protected":false},"featured_media":2427,"template":"","meta":{"_acf_changed":false,"_gspb_post_css":""},"product_brand":[],"product_cat":[36],"product_tag":[],"class_list":{"0":"post-3135","1":"product","2":"type-product","3":"status-publish","4":"has-post-thumbnail","6":"product_cat-dev-kit-fr","7":"sales-flash-overlay","8":"woocommerce-text-align-center","9":"woocommerce-image-align-center","10":"do-quantity-buttons","11":"wc-has-gallery","13":"first","14":"instock","15":"taxable","16":"shipping-taxable","17":"purchasable","18":"product-type-simple"},"acf":[],"_links":{"self":[{"href":"https:\/\/www.nanomade.com\/fr\/wp-json\/wp\/v2\/product\/3135","targetHints":{"allow":["GET"]}}],"collection":[{"href":"https:\/\/www.nanomade.com\/fr\/wp-json\/wp\/v2\/product"}],"about":[{"href":"https:\/\/www.nanomade.com\/fr\/wp-json\/wp\/v2\/types\/product"}],"wp:featuredmedia":[{"embeddable":true,"href":"https:\/\/www.nanomade.com\/fr\/wp-json\/wp\/v2\/media\/2427"}],"wp:attachment":[{"href":"https:\/\/www.nanomade.com\/fr\/wp-json\/wp\/v2\/media?parent=3135"}],"wp:term":[{"taxonomy":"product_brand","embeddable":true,"href":"https:\/\/www.nanomade.com\/fr\/wp-json\/wp\/v2\/product_brand?post=3135"},{"taxonomy":"product_cat","embeddable":true,"href":"https:\/\/www.nanomade.com\/fr\/wp-json\/wp\/v2\/product_cat?post=3135"},{"taxonomy":"product_tag","embeddable":true,"href":"https:\/\/www.nanomade.com\/fr\/wp-json\/wp\/v2\/product_tag?post=3135"}],"curies":[{"name":"wp","href":"https:\/\/api.w.org\/{rel}","templated":true}]}}