{"id":3137,"date":"2024-04-19T13:41:43","date_gmt":"2024-04-19T13:41:43","guid":{"rendered":"https:\/\/www.nanomade.com\/product\/touchforce-single-sensors\/"},"modified":"2025-07-09T08:28:19","modified_gmt":"2025-07-09T08:28:19","slug":"touchforce-single-sensors","status":"publish","type":"product","link":"https:\/\/www.nanomade.com\/fr\/produit\/touchforce-single-sensors\/","title":{"rendered":"Capteurs Touch&#038;Force Simple"},"content":{"rendered":"<section class=\"elementor-section elementor-top-section elementor-element elementor-element-767b701 elementor-section-boxed elementor-section-height-default elementor-section-height-default\" data-id=\"767b701\" data-element_type=\"section\">\n<div class=\"elementor-container elementor-column-gap-default\">\n<div class=\"aux-parallax-section elementor-column elementor-col-100 elementor-top-column elementor-element elementor-element-957ad36\" data-id=\"957ad36\" data-element_type=\"column\">\n<div class=\"elementor-widget-wrap elementor-element-populated\">\n<div class=\"elementor-element elementor-element-7749a846 elementor-widget elementor-widget-woocommerce-product-short-description\" data-id=\"7749a846\" data-element_type=\"widget\" data-widget_type=\"woocommerce-product-short-description.default\">\n<div class=\"elementor-widget-container\">\n<div class=\"woocommerce-product-details__short-description\">\n<p>Les capteurs individuels sont des outils id\u00e9aux pour explorer les capacit\u00e9s fondamentales de d\u00e9tection tactile et de force, offrant une conception compacte qui les rend particuli\u00e8rement efficaces pour tester et mettre en \u0153uvre des fonctionnalit\u00e9s de mesure de bouton et de force de base.<\/p>\n<p>Plac\u00e9s sous n&rsquo;importe quel mat\u00e9riau (bois, plastique, cuir, etc.) et applicables sur n&rsquo;importe quelle forme 3D, les capteurs Touch &amp; Force transforment tout objet en une interface sensible \u00e0 la force pour des applications tactiles ou de d\u00e9formation.<\/p>\n<p>Les capteurs combinent un dispositif tactile capacitif et un dispositif de d\u00e9tection de force dans la m\u00eame couche mince et flexible. En combinant les deux, Touch &amp; Force peut, par exemple, rejeter les entr\u00e9es tactiles involontaires. Il peut \u00e9galement \u00eatre utilis\u00e9 pour ajuster la force n\u00e9cessaire \u00e0 l&rsquo;activation d&rsquo;une application.<\/p>\n<h3>Ce pack contient :<\/h3>\n<ul>\n<li><strong>Capteurs Touch&amp;Force individuels<\/strong> : Capteurs extr\u00eamement sensibles, fins et flexibles, \u00e0 utiliser tels quels \u00e0 des fins d&rsquo;\u00e9valuation, ou \u00e0 coller sous un objet \u00e0 fonctionnaliser.<\/li>\n<\/ul>\n<\/div>\n<\/div>\n<\/div>\n<\/div>\n<\/div>\n<\/div>\n<\/section>\n<section class=\"elementor-section elementor-top-section elementor-element elementor-element-6870886a elementor-section-boxed elementor-section-height-default elementor-section-height-default\" data-id=\"6870886a\" data-element_type=\"section\">\n<div class=\"elementor-container elementor-column-gap-wide\">\n<div class=\"aux-parallax-section elementor-column elementor-col-50 elementor-top-column elementor-element elementor-element-2ecfa3b5\" data-id=\"2ecfa3b5\" data-element_type=\"column\" data-settings=\"{&quot;background_background&quot;:&quot;classic&quot;}\">\n<div class=\"elementor-widget-wrap elementor-element-populated\">\n<div class=\"elementor-element elementor-element-75354dc5 elementor-widget elementor-widget-woocommerce-product-images\" data-id=\"75354dc5\" data-element_type=\"widget\" data-widget_type=\"woocommerce-product-images.default\">\n<div class=\"elementor-widget-container\">\n<div class=\"woocommerce-product-gallery woocommerce-product-gallery--with-images woocommerce-product-gallery--columns-4 images\" data-columns=\"4\">\n<div class=\"flex-viewport\">\n<div class=\"woocommerce-product-gallery__wrapper\">\n<div class=\"woocommerce-product-gallery__image flex-active-slide\" data-thumb=\"https:\/\/www.nanomade.com\/wp-content\/uploads\/2023\/06\/Pack-20x423-1-100x100.png\" data-thumb-alt=\"\"><a href=\"https:\/\/www.nanomade.com\/wp-content\/uploads\/2023\/06\/Pack-20x423-1.png\"><picture class=\"wp-post-image\" title=\"Pack 20x423\" data-caption=\"\" data-large_image=\"https:\/\/www.nanomade.com\/wp-content\/uploads\/2023\/06\/Pack-20x423-1.png\" data-large_image_width=\"800\" data-large_image_height=\"800\"><source srcset=\"https:\/\/www.nanomade.com\/wp-content\/uploads\/2023\/06\/Pack-20x423-1-600x600.png.webp 600w, https:\/\/www.nanomade.com\/wp-content\/uploads\/2023\/06\/Pack-20x423-1-300x300.png.webp 300w, https:\/\/www.nanomade.com\/wp-content\/uploads\/2023\/06\/Pack-20x423-1-150x150.png.webp 150w, https:\/\/www.nanomade.com\/wp-content\/uploads\/2023\/06\/Pack-20x423-1-768x768.png.webp 768w, https:\/\/www.nanomade.com\/wp-content\/uploads\/2023\/06\/Pack-20x423-1-12x12.png.webp 12w, https:\/\/www.nanomade.com\/wp-content\/uploads\/2023\/06\/Pack-20x423-1-100x100.png.webp 100w, https:\/\/www.nanomade.com\/wp-content\/uploads\/2023\/06\/Pack-20x423-1.png.webp 800w\" type=\"image\/webp\" sizes=\"(max-width: 600px) 100vw, 600px\" \/><\/picture><\/a><\/div>\n<\/div>\n<\/div>\n<\/div>\n<\/div>\n<\/div>\n<\/div>\n<\/div>\n<\/div>\n<\/section>\n","protected":false},"excerpt":{"rendered":"<p>Les capteurs Touch&amp;Force sont des accessoires pouvant \u00eatre ajout\u00e9s aux kits de d\u00e9veloppement Touch &amp; Force pour tester une vari\u00e9t\u00e9 de fonctions diff\u00e9rentes. Les capteurs Touch &amp; Force Single sont le moyen le plus simple et le plus efficace de tester les fonctionnalit\u00e9s tactiles et de force.<\/p>\n","protected":false},"featured_media":2445,"template":"","meta":{"_acf_changed":false,"_gspb_post_css":""},"product_brand":[],"product_cat":[37],"product_tag":[],"class_list":{"0":"post-3137","1":"product","2":"type-product","3":"status-publish","4":"has-post-thumbnail","6":"product_cat-sensor-fr","7":"sales-flash-overlay","8":"woocommerce-text-align-center","9":"woocommerce-image-align-center","10":"do-quantity-buttons","11":"wc-has-gallery","13":"first","14":"instock","15":"taxable","16":"shipping-taxable","17":"product-type-external"},"acf":[],"_links":{"self":[{"href":"https:\/\/www.nanomade.com\/fr\/wp-json\/wp\/v2\/product\/3137","targetHints":{"allow":["GET"]}}],"collection":[{"href":"https:\/\/www.nanomade.com\/fr\/wp-json\/wp\/v2\/product"}],"about":[{"href":"https:\/\/www.nanomade.com\/fr\/wp-json\/wp\/v2\/types\/product"}],"wp:featuredmedia":[{"embeddable":true,"href":"https:\/\/www.nanomade.com\/fr\/wp-json\/wp\/v2\/media\/2445"}],"wp:attachment":[{"href":"https:\/\/www.nanomade.com\/fr\/wp-json\/wp\/v2\/media?parent=3137"}],"wp:term":[{"taxonomy":"product_brand","embeddable":true,"href":"https:\/\/www.nanomade.com\/fr\/wp-json\/wp\/v2\/product_brand?post=3137"},{"taxonomy":"product_cat","embeddable":true,"href":"https:\/\/www.nanomade.com\/fr\/wp-json\/wp\/v2\/product_cat?post=3137"},{"taxonomy":"product_tag","embeddable":true,"href":"https:\/\/www.nanomade.com\/fr\/wp-json\/wp\/v2\/product_tag?post=3137"}],"curies":[{"name":"wp","href":"https:\/\/api.w.org\/{rel}","templated":true}]}}