{"id":3280,"date":"2024-07-12T11:31:41","date_gmt":"2024-07-12T11:31:41","guid":{"rendered":"https:\/\/www.nanomade.com\/product\/forcetouch-capteurs-transparents\/"},"modified":"2025-07-09T08:28:45","modified_gmt":"2025-07-09T08:28:45","slug":"forcetouch-capteurs-transparents","status":"publish","type":"product","link":"https:\/\/www.nanomade.com\/fr\/produit\/forcetouch-capteurs-transparents\/","title":{"rendered":"Force&amp;Touch capteurs transparents"},"content":{"rendered":"<div class=\"woocommerce-product-details__short-description\">\n<p><span style=\"font-weight: 400;\">Les capteurs transparents sont des outils id\u00e9aux pour explorer les capacit\u00e9s fondamentales du toucher et de la force. Leur conception compacte les rend tr\u00e8s efficaces pour tester et mettre en \u0153uvre les fonctionnalit\u00e9s de base des boutons et de la mesure de la force. La conception des capteurs transparents permet de tester les interactions avec des mat\u00e9riaux transparents, ajoutant ainsi une nouvelle fa\u00e7on d&rsquo;obtenir un retour d&rsquo;information pour les utilisateurs (lumi\u00e8res, pictogrammes, etc.). <\/span><\/p>\n<p><span style=\"font-weight: 400;\">Plac\u00e9 sous n&rsquo;importe quel mat\u00e9riau (bois, plastique, cuir, etc.) et pouvant \u00eatre mis en \u0153uvre sur n&rsquo;importe quelle forme 3D, Force&amp;Touch transforme n&rsquo;importe quel objet en une interface sensible \u00e0 la force pour des applications tactiles ou de d\u00e9formation.<\/span><\/p>\n<p><span style=\"font-weight: 400;\">Les capteurs combinent un dispositif de d\u00e9tection de force et un dispositif tactile capacitif au sein d&rsquo;une m\u00eame couche fine et flexible. En combinant les deux, Force&amp;Touch peut, par exemple, rejeter les entr\u00e9es tactiles non intentionnelles. Il peut \u00e9galement \u00eatre utilis\u00e9 pour ajuster la force n\u00e9cessaire \u00e0 l&rsquo;activation d&rsquo;une application. <\/span><\/p>\n<p><b> Ce pack contient:<\/b><\/p>\n<p><b>Capteurs transparents Force&amp;Touch :<\/b><span style=\"font-weight: 400;\"> capteurs extr\u00eamement sensibles, minces et flexibles, \u00e0 utiliser tels quels \u00e0 des fins d&rsquo;\u00e9valuation ou \u00e0 coller sous un objet \u00e0 fonctionnaliser.<\/span><\/p>\n<p>&nbsp;<\/p>\n<\/div>\n<p><a href=\"https:\/\/www.nanomade.com\/wp-content\/uploads\/2025\/01\/24-12_DataSheet_TransparentSensor_CPF_SPT_01.pdf\">Fiche technique<\/a><\/p>\n","protected":false},"excerpt":{"rendered":"<p><span style=\"font-weight: 400;\">Les capteurs Force&amp;Touch sont des accessoires pouvant \u00eatre ajout\u00e9s aux kits de d\u00e9veloppement Force&amp;Touch pour tester une vari\u00e9t\u00e9 de fonctions diff\u00e9rentes. Les capteurs transparents Force&amp;Touch sont le moyen le plus simple et le plus efficace de tester les fonctionnalit\u00e9s de Force et de Touch sur des mat\u00e9riaux transparents.<\/span><\/p>\n","protected":false},"featured_media":3276,"template":"","meta":{"_acf_changed":false,"_gspb_post_css":""},"product_brand":[],"product_cat":[37],"product_tag":[],"class_list":{"0":"post-3280","1":"product","2":"type-product","3":"status-publish","4":"has-post-thumbnail","6":"product_cat-sensor-fr","7":"sales-flash-overlay","8":"woocommerce-text-align-center","9":"woocommerce-image-align-center","10":"do-quantity-buttons","11":"wc-has-gallery","13":"first","14":"instock","15":"taxable","16":"shipping-taxable","17":"product-type-external"},"acf":[],"_links":{"self":[{"href":"https:\/\/www.nanomade.com\/fr\/wp-json\/wp\/v2\/product\/3280","targetHints":{"allow":["GET"]}}],"collection":[{"href":"https:\/\/www.nanomade.com\/fr\/wp-json\/wp\/v2\/product"}],"about":[{"href":"https:\/\/www.nanomade.com\/fr\/wp-json\/wp\/v2\/types\/product"}],"wp:featuredmedia":[{"embeddable":true,"href":"https:\/\/www.nanomade.com\/fr\/wp-json\/wp\/v2\/media\/3276"}],"wp:attachment":[{"href":"https:\/\/www.nanomade.com\/fr\/wp-json\/wp\/v2\/media?parent=3280"}],"wp:term":[{"taxonomy":"product_brand","embeddable":true,"href":"https:\/\/www.nanomade.com\/fr\/wp-json\/wp\/v2\/product_brand?post=3280"},{"taxonomy":"product_cat","embeddable":true,"href":"https:\/\/www.nanomade.com\/fr\/wp-json\/wp\/v2\/product_cat?post=3280"},{"taxonomy":"product_tag","embeddable":true,"href":"https:\/\/www.nanomade.com\/fr\/wp-json\/wp\/v2\/product_tag?post=3280"}],"curies":[{"name":"wp","href":"https:\/\/api.w.org\/{rel}","templated":true}]}}